{"id":288,"date":"2015-05-21T17:50:21","date_gmt":"2015-05-21T17:50:21","guid":{"rendered":"http:\/\/www.westwindsrestaurant.ca\/?page_id=2"},"modified":"2023-11-13T16:10:19","modified_gmt":"2023-11-13T16:10:19","slug":"about","status":"publish","type":"page","link":"https:\/\/westwindsrestaurant.ca\/fr\/about\/","title":{"rendered":"Qui sommes-nous"},"content":{"rendered":"<p>Le restaurant Westwinds a ouvert ses portes en 1989, dans le cadre de la famille Best Western Pembroke Inn &amp; Conference Center. Depuis ce jour, il est devenu un \u00e9tablissement de restauration pr\u00e9f\u00e9r\u00e9 des voyageurs, des clients de l'h\u00f4tel et des r\u00e9sidents de la r\u00e9gion de la vall\u00e9e de l'Outaouais, ann\u00e9e apr\u00e8s ann\u00e9e !<\/p>\n\n\n\n<p class=\"translation-block\">Certaines des personnes les plus talentueuses de l'industrie h\u00f4teli\u00e8re sont dans les coulisses, ajoutant constamment du piquant et de la vari\u00e9t\u00e9 \u00e0 l'exp\u00e9rience Westwinds. Nous avons \u00e9galement ajout\u00e9 quelques <a href=\"https:\/\/westwindsrestaurant.ca\/fr\/category\/community-events\/\" target=\"_self\">caract\u00e9ristiques et \u00e9v\u00e9nements<\/a> tr\u00e8s populaires, apportant un autre niveau \u00e0 votre exp\u00e9rience culinaire.<\/p>\n\n\n\n<h2 class=\"wp-block-heading\">Une passion pour servir des repas faits maison<\/h2>\n\n\n\n<p class=\"translation-block\">\u00c0 l'\u00e9poque des aliments transform\u00e9s franchis\u00e9s, les restaurants priv\u00e9s avec cette fra\u00eecheur maison sont recherch\u00e9s par les gourmets. Que vous s\u00e9journiez au Best Western Pembroke Inn, un membre de la communaut\u00e9 ou un <a href=\"https:\/\/westwindsrestaurant.ca\/fr\/community-events\/pembroke-roadside-meal\/\" target=\"_self\">voyageur de passage la r\u00e9gion de Pembroke<\/a>, manger est une exigence. Prendre un peu plus loin; une alimentation saine rend le corps plus fort. Atteindre un \u00e9quilibre entre des \u00e9l\u00e9ments de menu nutritionnels, abordables et savoureux ainsi qu'un excellent service doit \u00eatre la base d'exp\u00e9riences m\u00e9morables au restaurant. \"Cr\u00e9ons de la grandeur pour les familles, les rassemblements sociaux et les participants aux r\u00e9unions qui ne seront pas oubli\u00e9s de si t\u00f4t.\" -Gestion<\/p>\n\n\n\n<p>It is fair to say a Westwind\u2019s experience should meet or exceed the above statements, it is our aim to make it so.<\/p>\n\n\n\n<h2 class=\"wp-block-heading\">D\u00e9couvrez la diff\u00e9rence<\/h2>\n\n\n\n<p>Si vous \u00eates juste de passage dans la vall\u00e9e de l'Outaouais, en s\u00e9journant au Best Western Pembroke Inn ou chez un membre de la communaut\u00e9, venez. Assouvissez votre faim pour un repas frais, d\u00e9tendez-vous au bar ou d\u00e9tendez-vous simplement avec quelques verres. S'il n'y a pas envie de cuisiner ou s'il est temps de manger quelque chose de diff\u00e9rent, laissez Westwinds offrir \u00e0 votre app\u00e9tit un repas fait maison dans une atmosph\u00e8re agr\u00e9able.<\/p>\n\n\n\n<p>Vous voulez vos repas sur le pouce ? Pas de probl\u00e8me, ce repas fra\u00eechement pr\u00e9par\u00e9 est disponible pour emporter ou en service aux chambres pour les clients de l'h\u00f4tel.<\/p>\n\n\n\n<p>Vous voulez profiter d'occasions sp\u00e9ciales comme les anniversaires, les anniversaires, les r\u00e9alisations, les mariages, etc.\u00a0? Pas de probl\u00e8me, Westwinds peut accueillir plus de 250 invit\u00e9s. Si ce n'est pas assez d'espace pour votre \u00e9v\u00e9nement, l'h\u00f4tel appartient aux m\u00eames personnes qui sont fi\u00e8res de faire partie des meilleurs \u00e9v\u00e9nements exp\u00e9rientiels.<\/p>\n\n\n\n<p>Parfois, un changement d'humeur ou un changement d'environnement est tout ce qui est n\u00e9cessaire pour remettre les choses sur les rails.<\/p>\n\n\n\n<div class=\"wp-block-media-text alignwide is-stacked-on-mobile has-background\" style=\"background-color:#897059\"><figure class=\"wp-block-media-text__media\"><img loading=\"lazy\" decoding=\"async\" width=\"1000\" height=\"931\" src=\"https:\/\/westwindsrestaurant.com\/wp-content\/uploads\/2022\/08\/dinner-2022.jpg\" alt=\"\" class=\"wp-image-2694 size-full\" srcset=\"https:\/\/westwindsrestaurant.ca\/wp-content\/uploads\/2022\/08\/dinner-2022.jpg 1000w, https:\/\/westwindsrestaurant.ca\/wp-content\/uploads\/2022\/08\/dinner-2022-300x279.jpg 300w, https:\/\/westwindsrestaurant.ca\/wp-content\/uploads\/2022\/08\/dinner-2022-768x715.jpg 768w\" sizes=\"auto, (max-width: 1000px) 100vw, 1000px\" \/><\/figure><div class=\"wp-block-media-text__content\">\n<h2 class=\"wp-block-heading has-nv-light-bg-color has-text-color\">Faites une r\u00e9servation pour \u00eatre s\u00fbr!<\/h2>\n\n\n\n<p class=\"has-nv-text-dark-bg-color has-text-color\">Bien que les r\u00e9servations ne soient pas obligatoires, en avoir une garantira vos places. Si vous n'\u00eates jamais all\u00e9 \u00e0 Westwinds auparavant, assurez-vous de consulter nos avis sur les restaurants affich\u00e9s au bas de chaque page.<\/p>\n\n\n\n<div class=\"wp-block-buttons is-layout-flex wp-block-buttons-is-layout-flex\">\n<div class=\"wp-block-button\"><a class=\"wp-block-button__link wp-element-button\" href=\"https:\/\/westwindsrestaurant.ca\/fr\/menus\/seating-reservations\/\">Faites une r\u00e9servation maintenant<\/a><\/div>\n<\/div>\n<\/div><\/div>\n\n\n\n<p><\/p>","protected":false},"excerpt":{"rendered":"<p>Westwinds Restaurant opened its doors in 1989, as part of the Best Western Pembroke Inn &amp; Conference Centre Family. Since that day it has grown into a favourite dining establishment for travelers, hotel guests and residents of the Ottawa Valley area, year after year! Some of the most talented people in the hospitality industry are&hellip;&nbsp;<a href=\"https:\/\/westwindsrestaurant.ca\/fr\/about\/\" rel=\"bookmark\">Read More &raquo;<span class=\"screen-reader-text\">Qui sommes-nous<\/span><\/a><\/p>","protected":false},"author":1,"featured_media":2764,"parent":0,"menu_order":0,"comment_status":"closed","ping_status":"closed","template":"","meta":{"neve_meta_sidebar":"right","neve_meta_container":"","neve_meta_enable_content_width":"on","neve_meta_content_width":75,"neve_meta_title_alignment":"","neve_meta_author_avatar":"","neve_post_elements_order":"","neve_meta_disable_header":"","neve_meta_disable_footer":"","neve_meta_disable_title":"","neve_meta_reading_time":"","_themeisle_gutenberg_block_has_review":false,"footnotes":""},"class_list":["post-288","page","type-page","status-publish","has-post-thumbnail","hentry"],"_links":{"self":[{"href":"https:\/\/westwindsrestaurant.ca\/fr\/wp-json\/wp\/v2\/pages\/288","targetHints":{"allow":["GET"]}}],"collection":[{"href":"https:\/\/westwindsrestaurant.ca\/fr\/wp-json\/wp\/v2\/pages"}],"about":[{"href":"https:\/\/westwindsrestaurant.ca\/fr\/wp-json\/wp\/v2\/types\/page"}],"author":[{"embeddable":true,"href":"https:\/\/westwindsrestaurant.ca\/fr\/wp-json\/wp\/v2\/users\/1"}],"replies":[{"embeddable":true,"href":"https:\/\/westwindsrestaurant.ca\/fr\/wp-json\/wp\/v2\/comments?post=288"}],"version-history":[{"count":14,"href":"https:\/\/westwindsrestaurant.ca\/fr\/wp-json\/wp\/v2\/pages\/288\/revisions"}],"predecessor-version":[{"id":3651,"href":"https:\/\/westwindsrestaurant.ca\/fr\/wp-json\/wp\/v2\/pages\/288\/revisions\/3651"}],"wp:featuredmedia":[{"embeddable":true,"href":"https:\/\/westwindsrestaurant.ca\/fr\/wp-json\/wp\/v2\/media\/2764"}],"wp:attachment":[{"href":"https:\/\/westwindsrestaurant.ca\/fr\/wp-json\/wp\/v2\/media?parent=288"}],"curies":[{"name":"wp","href":"https:\/\/api.w.org\/{rel}","templated":true}]}}